{"id":10830,"date":"2024-05-16T15:14:34","date_gmt":"2024-05-16T13:14:34","guid":{"rendered":"https:\/\/www.valenmasar.cz\/kontakt-2\/"},"modified":"2025-01-17T14:19:41","modified_gmt":"2025-01-17T13:19:41","slug":"contact","status":"publish","type":"page","link":"https:\/\/www.valenmasar.cz\/en\/contact\/","title":{"rendered":"Contact"},"content":{"rendered":"\n\t<div id=\"gap-1969368779\" class=\"gap-element clearfix\" style=\"display:block; height:auto;\">\n\t\t\n<style>\n#gap-1969368779 {\n  padding-top: 30px;\n}\n<\/style>\n\t<\/div>\n\t\n\n<div class=\"container section-title-container\" ><h1 class=\"section-title section-title-normal\"><b><\/b><span class=\"section-title-main\" style=\"font-size:150%;\">Contact<\/span><b><\/b><\/h1><\/div>\n\n<div class=\"row align-equal\"  id=\"row-1252636460\">\n\n\n\t<div id=\"col-1183313514\" class=\"col kontakt1 medium-12 small-12 large-4\"  >\n\t\t\t\t<div class=\"col-inner\"  >\n\t\t\t\n\t\t\t\n\n\t<section class=\"section yesradius\" id=\"section_1783375182\">\n\t\t<div class=\"bg section-bg fill bg-fill  bg-loaded\" >\n\n\t\t\t\n\t\t\t\n\t\t\t\n\n\t\t<\/div>\n\n\t\t\n\n\t\t<div class=\"section-content relative\">\n\t\t\t\n\n\t<div id=\"text-4167297549\" class=\"text\">\n\t\t\n\n<h1>Call us<\/h1>\n<p>Need some advice? We&#8217;re here for you every weekday from&nbsp;9am to 5pm.<\/p>\n\t\t\n<style>\n#text-4167297549 {\n  color: rgb(255, 255, 255);\n}\n#text-4167297549 > * {\n  color: rgb(255, 255, 255);\n}\n<\/style>\n\t<\/div>\n\t\n<a href=\"tel:+420739204104\" class=\"button primary\"  >\n  <i class=\"icon-phone\" aria-hidden=\"true\" ><\/i>  <span>+420 739 204 104<\/span>\n  <\/a>\n\n\n\n\t\t<\/div>\n\n\t\t\n<style>\n#section_1783375182 {\n  padding-top: 30px;\n  padding-bottom: 30px;\n  background-color: rgb(72, 20, 56);\n}\n<\/style>\n\t<\/section>\n\t\n\n\t\t<\/div>\n\t\t\t\t\t<\/div>\n\n\t\n\n\t<div id=\"col-2114088427\" class=\"col kontakt2 medium-12 small-12 large-4\"  >\n\t\t\t\t<div class=\"col-inner\"  >\n\t\t\t\n\t\t\t\n\n\t<section class=\"section yesradius\" id=\"section_1309891287\">\n\t\t<div class=\"bg section-bg fill bg-fill  bg-loaded\" >\n\n\t\t\t\n\t\t\t\n\t\t\t\n\n\t\t<\/div>\n\n\t\t\n\n\t\t<div class=\"section-content relative\">\n\t\t\t\n\n\t<div id=\"text-3250327296\" class=\"text\">\n\t\t\n\n<h1>Pay us a&nbsp;visit<\/h1>\n<p>Would you like to see our product samples? Book your visit to our floor studio.<\/p>\n\t\t\n<style>\n#text-3250327296 {\n  color: rgb(255, 255, 255);\n}\n#text-3250327296 > * {\n  color: rgb(255, 255, 255);\n}\n<\/style>\n\t<\/div>\n\t\n<a href=\"#consultation\" class=\"button primary\"  >\n    <span>Choose a date<\/span>\n  <\/a>\n\n\n\n\t\t<\/div>\n\n\t\t\n<style>\n#section_1309891287 {\n  padding-top: 30px;\n  padding-bottom: 30px;\n  background-color: rgb(109, 130, 139);\n}\n<\/style>\n\t<\/section>\n\t\n\n\t\t<\/div>\n\t\t\t\t\t<\/div>\n\n\t\n\n\t<div id=\"col-400055346\" class=\"col kontakt3 medium-12 small-12 large-4\"  >\n\t\t\t\t<div class=\"col-inner\"  >\n\t\t\t\n\t\t\t\n\n\t<section class=\"section yesradius\" id=\"section_1738580083\">\n\t\t<div class=\"bg section-bg fill bg-fill  bg-loaded\" >\n\n\t\t\t\n\t\t\t\n\t\t\t\n\n\t\t<\/div>\n\n\t\t\n\n\t\t<div class=\"section-content relative\">\n\t\t\t\n\n<h1>Non-binding quotation<\/h1>\n<p>Would you like us to prepare a&nbsp;non-binding price offer? Tell us your idea.<\/p>\n<a href=\"#calculation\" class=\"button primary\"  >\n    <span>Send an inquiry<\/span>\n  <\/a>\n\n\n\n\t\t<\/div>\n\n\t\t\n<style>\n#section_1738580083 {\n  padding-top: 30px;\n  padding-bottom: 30px;\n  background-color: rgb(215, 216, 203);\n}\n<\/style>\n\t<\/section>\n\t\n\n\t\t<\/div>\n\t\t\t\t\t<\/div>\n\n\t\n\n<\/div>\n\t<div id=\"gap-1555784455\" class=\"gap-element clearfix\" style=\"display:block; height:auto;\">\n\t\t\n<style>\n#gap-1555784455 {\n  padding-top: 40px;\n}\n<\/style>\n\t<\/div>\n\t\n\n<div class=\"row\"  id=\"row-311957070\">\n\n\n\t<div id=\"col-309700397\" class=\"col medium-6 small-12 large-4\"  >\n\t\t\t\t<div class=\"col-inner\"  >\n\t\t\t\n\t\t\t\n\n<h1>Floor studio Valen&#038;Masar<\/h1>\n<p>Do you want to see our samples? The&nbsp;authentic wood colors and finishes? Book a&nbsp;visit to our flooring studio in&nbsp;Vinohrady.<\/p>\n<p><strong>Valen&#038;Masar<\/strong><br \/>Korunn\u00ed 996\/51<br \/>\nPrague 2 &#8211; Vinohrady<\/p>\n<h2>Opening hours<\/h2>\n<p>Mo\u2013Fr 9am \u2013 5pm<br \/>\nSa-Su by&nbsp;appointment <\/p>\n\n\t\t<\/div>\n\t\t\t\t\t<\/div>\n\n\t\n\n\t<div id=\"col-251435204\" class=\"col medium-6 small-12 large-8\"  >\n\t\t\t\t<div class=\"col-inner\"  >\n\t\t\t\n\t\t\t\n\n\t<div class=\"img has-hover x md-x lg-x y md-y lg-y\" id=\"image_963457313\">\n\t\t\t\t\t\t\t\t<div class=\"img-inner image-cover dark\" style=\"padding-top:75%;\">\n\t\t\t<img loading=\"lazy\" decoding=\"async\" width=\"2048\" height=\"1365\" src=\"https:\/\/www.valenmasar.cz\/wp-content\/uploads\/2023\/09\/3C7A0927-21.jpg\" class=\"attachment-original size-original\" alt=\"\" srcset=\"https:\/\/www.valenmasar.cz\/wp-content\/uploads\/2023\/09\/3C7A0927-21.jpg 2048w, https:\/\/www.valenmasar.cz\/wp-content\/uploads\/2023\/09\/3C7A0927-21-768x512.jpg 768w, https:\/\/www.valenmasar.cz\/wp-content\/uploads\/2023\/09\/3C7A0927-21-1536x1024.jpg 1536w\" sizes=\"auto, (max-width: 2048px) 100vw, 2048px\" \/>\t\t\t\t\t\t\n\t\t\t\t\t<\/div>\n\t\t\t\t\t\t\t\t\n<style>\n#image_963457313 {\n  width: 100%;\n}\n<\/style>\n\t<\/div>\n\t\n\n\n\t\t<\/div>\n\t\t\t\t\t<\/div>\n\n\t\n\n<\/div>\n\n\n<span id=\"consultation\">&nbsp;<\/span>\n\n<div class=\"row\"  id=\"row-247844908\">\n\n\n\t<div id=\"col-1484364526\" class=\"col small-12 large-12\"  >\n\t\t\t\t<div class=\"col-inner\"  >\n\t\t\t\n\t\t\t\n\n<h1>Personal consultation<\/h1>\n<p>Book a&nbsp;time slot so that we&nbsp;can meet and&nbsp;give you our&nbsp;full attention.<\/p>\n\n\t\t<\/div>\n\t\t\t\t\t<\/div>\n\n\t\n\n\t<div id=\"col-1551465608\" class=\"col medium-4 small-12 large-4\"  >\n\t\t\t\t<div class=\"col-inner\"  >\n\t\t\t\n\t\t\t\n\n\t<div class=\"img has-hover hide-for-small x md-x lg-x y md-y lg-y\" id=\"image_915018926\">\n\t\t\t\t\t\t\t\t<div class=\"img-inner image-cover dark\" style=\"padding-top:110%;\">\n\t\t\t<img loading=\"lazy\" decoding=\"async\" width=\"768\" height=\"960\" src=\"https:\/\/www.valenmasar.cz\/wp-content\/uploads\/2024\/05\/valen-masar-showroom-768x960.jpg\" class=\"attachment-medium_large size-medium_large\" alt=\"Valen&amp;Masar\" srcset=\"https:\/\/www.valenmasar.cz\/wp-content\/uploads\/2024\/05\/valen-masar-showroom-768x960.jpg 768w, https:\/\/www.valenmasar.cz\/wp-content\/uploads\/2024\/05\/valen-masar-showroom-240x300.jpg 240w, https:\/\/www.valenmasar.cz\/wp-content\/uploads\/2024\/05\/valen-masar-showroom-824x1030.jpg 824w, https:\/\/www.valenmasar.cz\/wp-content\/uploads\/2024\/05\/valen-masar-showroom-1229x1536.jpg 1229w, https:\/\/www.valenmasar.cz\/wp-content\/uploads\/2024\/05\/valen-masar-showroom.jpg 1638w\" sizes=\"auto, (max-width: 768px) 100vw, 768px\" \/>\t\t\t\t\t\t\n\t\t\t\t\t<\/div>\n\t\t\t\t\t\t\t\t\n<style>\n#image_915018926 {\n  width: 100%;\n}\n<\/style>\n\t<\/div>\n\t\n\n\n\t\t<\/div>\n\t\t\t\t\t<\/div>\n\n\t\n\n\t<div id=\"col-866265861\" class=\"col medium-8 small-12 large-8\"  >\n\t\t\t\t<div class=\"col-inner\"  >\n\t\t\t\n\t\t\t\n\n<div class=\"formular_rez\"><script type=\"text\/javascript\" src=\"https:\/\/bookio-services-eu.s3.eu-central-1.amazonaws.com\/assets\/widget.bookio.js\"><\/script> <iframe id=\"bookio-iframe\" src=\"https:\/\/services.bookio.com\/valenmasar\/widget?lang=en&#038;css=https:\/\/kiai.cz\/valen\/form.css&#038;hiddenHeader=true\" width=\"100%\" onload=\"initBookioWidget()\" scrolling=\"no\"><\/iframe><\/div>\n\n\t\t<\/div>\n\t\t\t\t\t<\/div>\n\n\t\n\n<\/div>\n\n\n<span id=\"calculation\">&nbsp;<\/span>\n\n<div class=\"row\"  id=\"row-226151323\">\n\n\n\t<div id=\"col-1014620314\" class=\"col medium-4 small-12 large-4\"  >\n\t\t\t\t<div class=\"col-inner\"  >\n\t\t\t\n\t\t\t\n\n<h1>Non-binding calculation<\/h1>\n<p>Do you wish to process a&nbsp;non-binding price offer? Describe your idea to us by&nbsp;filling out the&nbsp;form or&nbsp;via e-mail <a href=\"mailto:hello@valenmasar.cz\"><strong>hello@valenmasar.cz<\/strong><\/a>.<\/p>\n\n\t\t<\/div>\n\t\t\t\t\t<\/div>\n\n\t\n\n\t<div id=\"col-729284648\" class=\"col medium-8 small-12 large-8\"  >\n\t\t\t\t<div class=\"col-inner\"  >\n\t\t\t\n\t\t\t\n\n\n\n\n<div class=\"wpcf7 no-js\" id=\"wpcf7-f10837-o1\" lang=\"en-US\" dir=\"ltr\" data-wpcf7-id=\"10837\">\n<div class=\"screen-reader-response\"><p role=\"status\" aria-live=\"polite\" aria-atomic=\"true\"><\/p> <ul><\/ul><\/div>\n<form action=\"\/en\/wp-json\/wp\/v2\/pages\/10830#wpcf7-f10837-o1\" method=\"post\" class=\"wpcf7-form init\" aria-label=\"Contact form\" novalidate=\"novalidate\" data-status=\"init\">\n<fieldset class=\"hidden-fields-container\"><input type=\"hidden\" name=\"_wpcf7\" value=\"10837\" \/><input type=\"hidden\" name=\"_wpcf7_version\" value=\"6.1.4\" \/><input type=\"hidden\" name=\"_wpcf7_locale\" value=\"en_US\" \/><input type=\"hidden\" name=\"_wpcf7_unit_tag\" value=\"wpcf7-f10837-o1\" \/><input type=\"hidden\" name=\"_wpcf7_container_post\" value=\"0\" \/><input type=\"hidden\" name=\"_wpcf7_posted_data_hash\" value=\"\" \/><input type=\"hidden\" name=\"_wpcf7_recaptcha_response\" value=\"\" \/>\n<\/fieldset>\n<p><label> Name and surname *<br \/>\n<span class=\"wpcf7-form-control-wrap\" data-name=\"form_name-32\"><input size=\"40\" maxlength=\"30\" class=\"wpcf7-form-control wpcf7-text wpcf7-validates-as-required\" aria-required=\"true\" aria-invalid=\"false\" value=\"\" type=\"text\" name=\"form_name-32\" \/><\/span> <\/label>\n<\/p>\n<p><label> Email *<br \/>\n<span class=\"wpcf7-form-control-wrap\" data-name=\"form_email-23\"><input size=\"40\" maxlength=\"400\" class=\"wpcf7-form-control wpcf7-email wpcf7-validates-as-required wpcf7-text wpcf7-validates-as-email\" aria-required=\"true\" aria-invalid=\"false\" value=\"@\" type=\"email\" name=\"form_email-23\" \/><\/span> <\/label>\n<\/p>\n<p><label> Phone number *<br \/>\n<span class=\"wpcf7-form-control-wrap\" data-name=\"tel-688\"><input size=\"40\" maxlength=\"17\" minlength=\"9\" class=\"wpcf7-form-control wpcf7-tel wpcf7-validates-as-required wpcf7-text wpcf7-validates-as-tel\" aria-required=\"true\" aria-invalid=\"false\" value=\"+420\" type=\"tel\" name=\"tel-688\" \/><\/span> <\/label>\n<\/p>\n<p><span class=\"wpcf7-form-control-wrap\" data-name=\"form_message\"><textarea cols=\"40\" rows=\"10\" maxlength=\"300\" minlength=\"15\" class=\"wpcf7-form-control wpcf7-textarea wpcf7-validates-as-required lettersonly\" aria-required=\"true\" aria-invalid=\"false\" placeholder=\"Describe your project to us\" name=\"form_message\"><\/textarea><\/span>\n<\/p>\n<p><span class=\"wpcf7-form-control-wrap\" data-name=\"terms-agreement\"><span class=\"wpcf7-form-control wpcf7-acceptance\"><span class=\"wpcf7-list-item\"><label><input type=\"checkbox\" name=\"terms-agreement\" value=\"1\" aria-invalid=\"false\" \/><span class=\"wpcf7-list-item-label\">I agree to <a href=\"\/en\/privacy-policy\/\" target=\"_blank\">the processing of personal data<\/a>.<\/span><\/label><\/span><\/span><\/span>\n<\/p>\n<p><input class=\"wpcf7-form-control wpcf7-submit has-spinner button\" type=\"submit\" value=\"SEND A REQUEST\" \/>\n<\/p><div class=\"wpcf7-response-output\" aria-hidden=\"true\"><\/div>\n<\/form>\n<\/div>\n\n\n\n\t\t<\/div>\n\t\t\t\t\t<\/div>\n\n\t\n\n<\/div>\n\t<div id=\"gap-1241359739\" class=\"gap-element clearfix\" style=\"display:block; height:auto;\">\n\t\t\n<style>\n#gap-1241359739 {\n  padding-top: 30px;\n}\n<\/style>\n\t<\/div>\n\t\n\n<div class=\"row align-equal tymvm\"  id=\"row-49095189\">\n\n\n\t<div id=\"col-672657183\" class=\"col small-12 large-12\"  >\n\t\t\t\t<div class=\"col-inner\"  >\n\t\t\t\n\t\t\t\n\n<h1>Valen&#038;Masar team<\/h1>\n\n\t\t<\/div>\n\t\t\t\t\t<\/div>\n\n\t\n\n\t<div id=\"col-1205444201\" class=\"col medium-6 small-12 large-4\"  >\n\t\t\t\t<div class=\"col-inner\"  >\n\t\t\t\n\t\t\t\n\n\t<section class=\"section\" id=\"section_620150899\">\n\t\t<div class=\"bg section-bg fill bg-fill  bg-loaded\" >\n\n\t\t\t\n\t\t\t\n\t\t\t\n\n\t\t<\/div>\n\n\t\t\n\n\t\t<div class=\"section-content relative\">\n\t\t\t\n\n\t<div class=\"img has-hover x md-x lg-x y md-y lg-y\" id=\"image_1196179294\">\n\t\t\t\t\t\t\t\t<div class=\"img-inner dark\" >\n\t\t\t<img loading=\"lazy\" decoding=\"async\" width=\"1200\" height=\"923\" src=\"https:\/\/www.valenmasar.cz\/wp-content\/uploads\/2023\/09\/masar.jpg\" class=\"attachment-original size-original\" alt=\"Luk\u00e1\u0161 Mas\u00e1r\" srcset=\"https:\/\/www.valenmasar.cz\/wp-content\/uploads\/2023\/09\/masar.jpg 1200w, https:\/\/www.valenmasar.cz\/wp-content\/uploads\/2023\/09\/masar-768x591.jpg 768w\" sizes=\"auto, (max-width: 1200px) 100vw, 1200px\" \/>\t\t\t\t\t\t\n\t\t\t\t\t<\/div>\n\t\t\t\t\t\t\t\t\n<style>\n#image_1196179294 {\n  width: 100%;\n}\n<\/style>\n\t<\/div>\n\t\n\n<div class=\"member\"><span class=\"position\">Co-founder<\/span><\/p>\n<h2>Luk\u00e1\u0161 Mas\u00e1r<\/h2>\n<p>He knows all products, technologies, and technical processes inside out. He&nbsp;will take care of&nbsp;the&nbsp;calculations and plan the&nbsp;whole project with you.<\/p>\n<p><a class=\"iconlink\" href=\"tel:+420608570777\"><i class=\"icon-phone\" aria-hidden=\"true\"><\/i><span>+420&nbsp;608&nbsp;570&nbsp;777<\/span><\/a><br \/>\n<a class=\"iconlink\" href=\"mailto:lukas@valenmasar.cz\"><i class=\"icon-envelop\" aria-hidden=\"true\"><\/i><span>lukas@valenmasar.cz<\/span><\/a>\n<\/p>\n<\/div>\n\n\t\t<\/div>\n\n\t\t\n<style>\n#section_620150899 {\n  padding-top: 30px;\n  padding-bottom: 30px;\n}\n<\/style>\n\t<\/section>\n\t\n\n\t\t<\/div>\n\t\t\t\t\t<\/div>\n\n\t\n\n\t<div id=\"col-1764386344\" class=\"col medium-6 small-12 large-4\"  >\n\t\t\t\t<div class=\"col-inner\"  >\n\t\t\t\n\t\t\t\n\n\n\t\t<\/div>\n\t\t\t\t\t<\/div>\n\n\t\n\n\n<\/div>\n<div class=\"row row-small align-equal\"  id=\"row-924539624\">\n\n\n\t<div id=\"col-641780007\" class=\"col small-12 large-12\"  >\n\t\t\t\t<div class=\"col-inner text-left\"  >\n\t\t\t\n\t\t\t\n\n<h1>Billing information<\/h1>\n\n\t\t<\/div>\n\t\t\t\t\t<\/div>\n\n\t\n\n\t<div id=\"col-607176100\" class=\"col contact medium-12 small-12 large-12\"  >\n\t\t\t\t<div class=\"col-inner\"  >\n\t\t\t\n\t\t\t\n\n<p><strong>Global Trade Systems s.r.o.<\/strong><br \/>\nKloboukova 1231\/75<br \/>\n148&nbsp;00 Prague 4 &#8211; Chodov<\/p>\n<p>ID: 29129010, VAT: CZ29129010<BR>C 202431, kept by&nbsp;the&nbsp;Municipal Court in&nbsp;Prague<\/p>\n\n\t\t<\/div>\n\t\t\t\t\t<\/div>\n\n\t\n\n<\/div>\n\t<div id=\"gap-228359700\" class=\"gap-element clearfix\" style=\"display:block; height:auto;\">\n\t\t\n<style>\n#gap-228359700 {\n  padding-top: 30px;\n}\n<\/style>\n\t<\/div>\n\t\n\n\n","protected":false},"excerpt":{"rendered":"<p>We will consult with you on custom manufactured wooden floors, parquets, claddings, staircases, and solid furniture at our floor shop in&nbsp;Prague.<\/p>\n","protected":false},"author":43,"featured_media":0,"parent":0,"menu_order":0,"comment_status":"closed","ping_status":"closed","template":"","meta":{"rank_math_lock_modified_date":false,"footnotes":""},"class_list":["post-10830","page","type-page","status-publish","hentry"],"_links":{"self":[{"href":"https:\/\/www.valenmasar.cz\/en\/wp-json\/wp\/v2\/pages\/10830","targetHints":{"allow":["GET"]}}],"collection":[{"href":"https:\/\/www.valenmasar.cz\/en\/wp-json\/wp\/v2\/pages"}],"about":[{"href":"https:\/\/www.valenmasar.cz\/en\/wp-json\/wp\/v2\/types\/page"}],"author":[{"embeddable":true,"href":"https:\/\/www.valenmasar.cz\/en\/wp-json\/wp\/v2\/users\/43"}],"replies":[{"embeddable":true,"href":"https:\/\/www.valenmasar.cz\/en\/wp-json\/wp\/v2\/comments?post=10830"}],"version-history":[{"count":23,"href":"https:\/\/www.valenmasar.cz\/en\/wp-json\/wp\/v2\/pages\/10830\/revisions"}],"predecessor-version":[{"id":97140,"href":"https:\/\/www.valenmasar.cz\/en\/wp-json\/wp\/v2\/pages\/10830\/revisions\/97140"}],"wp:attachment":[{"href":"https:\/\/www.valenmasar.cz\/en\/wp-json\/wp\/v2\/media?parent=10830"}],"curies":[{"name":"wp","href":"https:\/\/api.w.org\/{rel}","templated":true}]}}