{"id":3279,"date":"2020-06-18T14:35:06","date_gmt":"2020-06-18T12:35:06","guid":{"rendered":"http:\/\/dev.valenmasar.cz\/?page_id=3279"},"modified":"2023-11-30T14:29:07","modified_gmt":"2023-11-30T13:29:07","slug":"for-architects-login-page","status":"publish","type":"page","link":"https:\/\/www.valenmasar.cz\/en\/for-architects-login-page\/","title":{"rendered":"For architects &#8211; login page"},"content":{"rendered":"\n<div class=\"container section-title-container\" ><h1 class=\"section-title section-title-normal\"><b><\/b><span class=\"section-title-main\" >For architects<\/span><b><\/b><\/h1><\/div>\n\n<div class=\"row row-large\"  id=\"row-1195201852\">\n\n\n\t<div id=\"col-191637069\" class=\"col small-12 large-12\"  >\n\t\t\t\t<div class=\"col-inner\"  >\n\t\t\t\n\t\t\t\n\n\t<section class=\"section yesradius has-parallax\" id=\"section_587082772\">\n\t\t<div class=\"bg section-bg fill bg-fill  \" data-parallax-container=\".section\" data-parallax-background data-parallax=\"-1\">\n\n\t\t\t\n\t\t\t\n\t\t\t\n\n\t\t<\/div>\n\n\t\t\n\n\t\t<div class=\"section-content relative\">\n\t\t\t\n\n\n\t\t<\/div>\n\n\t\t\n<style>\n#section_587082772 {\n  padding-top: 30px;\n  padding-bottom: 30px;\n  min-height: 520px;\n}\n#section_587082772 .section-bg.bg-loaded {\n  background-image: url(https:\/\/www.valenmasar.cz\/wp-content\/uploads\/2020\/03\/pro-architekty-1.jpg);\n}\n<\/style>\n\t<\/section>\n\t\n\n\t\t<\/div>\n\t\t\t\t\t<\/div>\n\n\t\n\n<\/div>\n<div class=\"row row-large\"  id=\"row-167637228\">\n\n\n\t<div id=\"col-1207163775\" class=\"col medium-9 small-12 large-9\"  >\n\t\t\t\t<div class=\"col-inner\"  >\n\t\t\t\n\t\t\t\n\n<h3><span data-sheets-value=\"{&quot;1&quot;:2,&quot;2&quot;:&quot;rnJste profesion\u00e1l, jeho\u017e posl\u00e1n\u00edm je navrhovat estetick\u00e9 interi\u00e9ry pro va\u0161e klienty? Jste designer, architekt nebo konceptu\u00e1ln\u00ed tv\u016frce? Poj\u010fme nav\u00e1zat spolupr\u00e1ci a pracovat spole\u010dn\u011b. Od odborn\u00e9ho know-how a\u017e po konkr\u00e9tn\u00ed produkty, kter\u00e9 vyu\u017eijete pro sv\u00e9 n\u00e1pady - s radost\u00ed podpo\u0159\u00edme V\u00e1\u0161 kreativn\u00ed proces v\u0161\u00edm, co v\u00edme, um\u00edme a m\u016f\u017eeme nab\u00eddnout.r&quot;}\" data-sheets-userformat=\"{&quot;2&quot;:2817,&quot;3&quot;:{&quot;1&quot;:0},&quot;11&quot;:4,&quot;12&quot;:0,&quot;14&quot;:&#091;null,2,0&#093;}\">Are you a&nbsp;professional whose mission it is to design aesthetic interiors for your clients?<\/span><\/h3>\n<p><style type=\"text\/css\"><!--td {border: 1px solid #ccc;}br {mso-data-placement:same-cell;}--><\/style>\n<\/p>\n<p>Are you a&nbsp;designer, architect or&nbsp;conceptual artist? Let&#8217;s&nbsp;work together. From&nbsp;expert know-how to specific products that you use in&nbsp;your ideas &#8211; we&#8217;ll be delighted to support your creative process with everything that we&nbsp;know, do and offer.<\/p>\n\n\t\t<\/div>\n\t\t\t\t\t<\/div>\n\n\t\n\n\t<div id=\"col-352096001\" class=\"col small-12 large-12\"  >\n\t\t\t\t<div class=\"col-inner\"  >\n\t\t\t\n\t\t\t\n\n\n<div class=\"um um-login um-4471\">\n\t<div class=\"um-form\">\n\t\t<form method=\"post\" action=\"\" autocomplete=\"off\">\n\t\t\t<div class=\"um-row _um_row_1 \" style=\"margin: 0 0 30px 0;\"><div class=\"um-col-1\"><div  id=\"um_field_4471_username\" class=\"um-field um-field-text  um-field-username um-field-text um-field-type_text\" data-key=\"username\"><div class=\"um-field-label\"><label for=\"username-4471\">Email<span class=\"um-req\" title=\"Required\">*<\/span><\/label><div class=\"um-clear\"><\/div><\/div><div class=\"um-field-area\"><input  autocomplete=\"off\" class=\"um-form-field valid \" type=\"text\" name=\"username-4471\" id=\"username-4471\" value=\"\" placeholder=\"\" data-validate=\"unique_email\" data-key=\"username\"  aria-invalid=\"false\" \/>\n\n\t\t\t\t\t\t<\/div><\/div><div  id=\"um_field_4471_user_password\" class=\"um-field um-field-password  um-field-user_password um-field-password um-field-type_password\" data-key=\"user_password\"><div class=\"um-field-label\"><label for=\"user_password-4471\">Password<span class=\"um-req\" title=\"Required\">*<\/span><\/label><div class=\"um-clear\"><\/div><\/div><div class=\"um-field-area\"><input class=\"um-form-field valid \" type=\"password\" name=\"user_password-4471\" id=\"user_password-4471\" value=\"\" placeholder=\"\" data-validate=\"\" data-key=\"user_password\"  aria-invalid=\"false\" \/>\n\n\t\t\t\t\t\t\t<\/div><\/div><\/div><\/div>\t\t<input type=\"hidden\" name=\"form_id\" id=\"form_id_4471\" value=\"4471\" \/>\n\t\n\t<p class=\"um_request_name\">\n\t\t<label for=\"um_request_4471\">Only fill in if you are not human<\/label>\n\t\t<input type=\"hidden\" name=\"um_request\" id=\"um_request_4471\" class=\"input\" value=\"\" size=\"25\" autocomplete=\"off\" \/>\n\t<\/p>\n\n\t<input type=\"hidden\" name=\"redirect_to\" id=\"redirect_to\" value=\"\/en\/for-architects-technical-sheets-secure\/\" \/><input type=\"hidden\" id=\"_wpnonce\" name=\"_wpnonce\" value=\"af92595395\" \/><input type=\"hidden\" name=\"_wp_http_referer\" value=\"\/en\/wp-json\/wp\/v2\/pages\/3279\" \/>\n\t<div class=\"um-col-alt\">\n\n\t\t\n\t\t\t<div class=\"um-center\">\n\t\t\t\t<input type=\"submit\" value=\"Login\" class=\"um-button\" id=\"um-submit-btn\" \/>\n\t\t\t<\/div>\n\n\t\t\n\t\t<div class=\"um-clear\"><\/div>\n\n\t<\/div>\n\n\t\t\t<\/form>\n\t<\/div>\n<\/div>\n<style>\n\t\t\t.um-4471.um {\n\t\t\tmax-width: 550px;\n\t\t}\n\t\t\t\t.um-4471.um {\n\t\t\tmargin-left: 0px !important;\n\t\t}\n\t<\/style>\n\n\n\t\t<\/div>\n\t\t\t\t\t<\/div>\n\n\t\n\n\t<div id=\"col-755140819\" class=\"col medium-4 small-12 large-4\"  >\n\t\t\t\t<div class=\"col-inner\"  >\n\t\t\t\n\t\t\t\n\n<h3>Don&#8217;t have login details yet?<br \/>Register here.<\/h3>\n<a href=\"\/en\/for-architects-register-page\/\" class=\"button primary is-outline\"  >\n    <span>Registration<\/span>\n  <\/a>\n\n\n\n\t\t<\/div>\n\t\t\t\t\t<\/div>\n\n\t\n\n<\/div>\n\t<section class=\"section\" id=\"section_611748644\">\n\t\t<div class=\"bg section-bg fill bg-fill  bg-loaded\" >\n\n\t\t\t\n\t\t\t\n\t\t\t\n\n\t\t<\/div>\n\n\t\t\n\n\t\t<div class=\"section-content relative\">\n\t\t\t\n\n\t<div class=\"img has-hover x md-x lg-x y md-y lg-y\" id=\"image_1023213587\">\n\t\t\t\t\t\t\t\t<div class=\"img-inner dark\" >\n\t\t\t<img loading=\"lazy\" decoding=\"async\" width=\"1020\" height=\"260\" src=\"https:\/\/www.valenmasar.cz\/wp-content\/uploads\/2020\/01\/pre-footer-theme-img3-1400x357.jpg\" class=\"attachment-large size-large\" alt=\"\" srcset=\"https:\/\/www.valenmasar.cz\/wp-content\/uploads\/2020\/01\/pre-footer-theme-img3-1400x357.jpg 1400w, https:\/\/www.valenmasar.cz\/wp-content\/uploads\/2020\/01\/pre-footer-theme-img3-800x204.jpg 800w, https:\/\/www.valenmasar.cz\/wp-content\/uploads\/2020\/01\/pre-footer-theme-img3-768x196.jpg 768w, https:\/\/www.valenmasar.cz\/wp-content\/uploads\/2020\/01\/pre-footer-theme-img3-1536x391.jpg 1536w, https:\/\/www.valenmasar.cz\/wp-content\/uploads\/2020\/01\/pre-footer-theme-img3.jpg 1920w\" sizes=\"auto, (max-width: 1020px) 100vw, 1020px\" \/>\t\t\t\t\t\t\n\t\t\t\t\t<\/div>\n\t\t\t\t\t\t\t\t\n<style>\n#image_1023213587 {\n  width: 100%;\n}\n<\/style>\n\t<\/div>\n\t\n\n\n\t\t<\/div>\n\n\t\t\n<style>\n#section_611748644 {\n  padding-top: 0px;\n  padding-bottom: 0px;\n}\n<\/style>\n\t<\/section>\n\t\n\n","protected":false},"excerpt":{"rendered":"","protected":false},"author":1,"featured_media":0,"parent":0,"menu_order":0,"comment_status":"closed","ping_status":"closed","template":"","meta":{"rank_math_lock_modified_date":false,"footnotes":""},"class_list":["post-3279","page","type-page","status-publish","hentry"],"_links":{"self":[{"href":"https:\/\/www.valenmasar.cz\/en\/wp-json\/wp\/v2\/pages\/3279","targetHints":{"allow":["GET"]}}],"collection":[{"href":"https:\/\/www.valenmasar.cz\/en\/wp-json\/wp\/v2\/pages"}],"about":[{"href":"https:\/\/www.valenmasar.cz\/en\/wp-json\/wp\/v2\/types\/page"}],"author":[{"embeddable":true,"href":"https:\/\/www.valenmasar.cz\/en\/wp-json\/wp\/v2\/users\/1"}],"replies":[{"embeddable":true,"href":"https:\/\/www.valenmasar.cz\/en\/wp-json\/wp\/v2\/comments?post=3279"}],"version-history":[{"count":0,"href":"https:\/\/www.valenmasar.cz\/en\/wp-json\/wp\/v2\/pages\/3279\/revisions"}],"wp:attachment":[{"href":"https:\/\/www.valenmasar.cz\/en\/wp-json\/wp\/v2\/media?parent=3279"}],"curies":[{"name":"wp","href":"https:\/\/api.w.org\/{rel}","templated":true}]}}