{"id":3649,"date":"2020-06-25T14:41:46","date_gmt":"2020-06-25T12:41:46","guid":{"rendered":"https:\/\/valenmasar.cz\/?page_id=3649"},"modified":"2023-10-17T14:41:45","modified_gmt":"2023-10-17T12:41:45","slug":"collection-sample-foglie-d-oro-diamante-ca-foscolo","status":"publish","type":"page","link":"https:\/\/www.valenmasar.cz\/en\/collection-sample-foglie-d-oro-diamante-ca-foscolo\/","title":{"rendered":"Collection sample &#8211; Foglie d\u2019 Oro \/ Diamante Ca\u2019 Foscolo"},"content":{"rendered":"\n<div class=\"row\"  id=\"row-505443736\">\n\n\n\t<div id=\"col-144154983\" class=\"col small-12 large-12\"  >\n\t\t\t\t<div class=\"col-inner\"  >\n\t\t\t\n\t\t\t\n\n<a href=\"javascript:history.go(-1)\" class=\"button primary is-link\"  >\n  <i class=\"icon-angle-left\" aria-hidden=\"true\" ><\/i>  <span>back<\/span>\n  <\/a>\n\n\n\n\t\t<\/div>\n\t\t\t\t\t<\/div>\n\n\t\n\n\t<div id=\"col-249931412\" class=\"col small-12 large-12\"  >\n\t\t\t\t<div class=\"col-inner\"  >\n\t\t\t\n\t\t\t\n\n\t<div class=\"img has-hover x md-x lg-x y md-y lg-y\" id=\"image_1304971903\">\n\t\t\t\t\t\t<div data-animate=\"fadeInDown\">\t\t<div class=\"img-inner dark\" >\n\t\t\t<img loading=\"lazy\" decoding=\"async\" width=\"1240\" height=\"700\" src=\"https:\/\/www.valenmasar.cz\/wp-content\/uploads\/2020\/06\/Foglie_d_Oro-_Diamante_Walnut_detail-2.jpg\" class=\"attachment-original size-original\" alt=\"\" srcset=\"https:\/\/www.valenmasar.cz\/wp-content\/uploads\/2020\/06\/Foglie_d_Oro-_Diamante_Walnut_detail-2.jpg 1240w, https:\/\/www.valenmasar.cz\/wp-content\/uploads\/2020\/06\/Foglie_d_Oro-_Diamante_Walnut_detail-2-709x400.jpg 709w, https:\/\/www.valenmasar.cz\/wp-content\/uploads\/2020\/06\/Foglie_d_Oro-_Diamante_Walnut_detail-2-768x434.jpg 768w\" sizes=\"auto, (max-width: 1240px) 100vw, 1240px\" \/>\t\t\t\t\t\t\n\t\t\t\t\t<\/div>\n\t\t<\/div>\t\t\t\t\t\t\n<style>\n#image_1304971903 {\n  width: 100%;\n}\n<\/style>\n\t<\/div>\n\t\n\n\n\t\t<\/div>\n\t\t\t\t\t<\/div>\n\n\t\n\n<\/div>\n<div class=\"container section-title-container\" ><h1 class=\"section-title section-title-normal\"><b><\/b><span class=\"section-title-main\" >Foglie d\u2019 Oro <br> Diamante Ca\u2019 Foscolo<\/span><b><\/b><\/h1><\/div>\n\n<div class=\"row\"  id=\"row-384353084\">\n\n\n\t<div id=\"col-583995773\" class=\"col medium-2 small-12 large-2\"  data-animate=\"fadeInLeft\">\n\t\t\t\t<div class=\"col-inner\"  >\n\t\t\t\n\t\t\t\n\n<p>Povrchov\u00e1 \u00faprava:<br>Rozm\u011bry:<br>T\u0159\u00edzen\u00ed:<br>Zpracov\u00e1n\u00ed:<br>Instalace:<\/p>\n\n\t\t<\/div>\n\t\t\t\t\t<\/div>\n\n\t\n\n\t<div id=\"col-1101207193\" class=\"col medium-10 small-12 large-10\"  data-animate=\"fadeInRight\">\n\t\t\t\t<div class=\"col-inner\"  >\n\t\t\t\n\t\t\t\n\n<p><strong>American walnut, polished, stained, varnished\n<\/strong><br><strong>20\/4 x 1120 x 1120 mm<\/strong><br><strong>Select<\/strong><br><strong>Modul<\/strong><br><strong>Adhesion<\/strong><\/p>\n\n\t\t<\/div>\n\t\t\t\t\t<\/div>\n\n\t\n\n<\/div>\n<div class=\"row\"  id=\"row-558435736\">\n\n\n\t<div id=\"col-1570699230\" class=\"col small-12 large-12\"  data-animate=\"fadeInUp\">\n\t\t\t\t<div class=\"col-inner\"  >\n\t\t\t\n\t\t\t\n\n<div class=\"slider-wrapper relative\" id=\"slider-2049594760\" >\n    <div class=\"slider slider-nav-simple slider-nav-normal slider-nav-light slider-style-normal slider-show-nav\"\n        data-flickity-options='{\n            \"cellAlign\": \"center\",\n            \"imagesLoaded\": true,\n            \"lazyLoad\": 1,\n            \"freeScroll\": false,\n            \"wrapAround\": true,\n            \"autoPlay\": 5000,\n            \"pauseAutoPlayOnHover\" : true,\n            \"prevNextButtons\": true,\n            \"contain\" : true,\n            \"adaptiveHeight\" : true,\n            \"dragThreshold\" : 10,\n            \"percentPosition\": true,\n            \"pageDots\": false,\n            \"rightToLeft\": false,\n            \"draggable\": true,\n            \"selectedAttraction\": 0.1,\n            \"parallax\" : 0,\n            \"friction\": 0.6        }'\n        >\n        \n\n\t<div class=\"img has-hover x md-x lg-x y md-y lg-y\" id=\"image_1744489007\">\n\t\t<a class=\"\" href=\"\/wp-content\/uploads\/2020\/07\/Foglie_d_Oro-_Diamante_Ca_Bosco_interier.jpg\"  data-link=\/en\/collection-sample-foglie-d-oro-diamante-ca-foscolo\/>\t\t\t\t\t\t<div class=\"img-inner dark\" >\n\t\t\t<img loading=\"lazy\" decoding=\"async\" width=\"2560\" height=\"1900\" src=\"https:\/\/www.valenmasar.cz\/wp-content\/uploads\/2020\/07\/Foglie_d_Oro-_Diamante_Ca_Bosco_interier.jpg\" class=\"attachment-original size-original\" alt=\"\" \/>\t\t\t\t\t\t\n\t\t\t\t\t<\/div>\n\t\t\t\t\t\t<\/a>\t\t\n<style>\n#image_1744489007 {\n  width: 100%;\n}\n<\/style>\n\t<\/div>\n\t\n\n\n     <\/div>\n\n     <div class=\"loading-spin dark large centered\"><\/div>\n\n\t\n<style>\n#slider-2049594760 .flickity-slider > * {\n  max-width: 500px!important;\n}\n<\/style>\n<\/div>\n\n\n\n\t\t<\/div>\n\t\t\t\t\t<\/div>\n\n\t\n\n\n<style>\n#row-558435736 > .col > .col-inner {\n  padding: 0px 0px 20px 0px;\n}\n<\/style>\n<\/div>\n<div class=\"row\"  id=\"row-1100331301\">\n\n\n\t<div id=\"col-1556733991\" class=\"col small-12 large-12\"  >\n\t\t\t\t<div class=\"col-inner\"  >\n\t\t\t\n\t\t\t\n\n<p>Are you interested in&nbsp;any other color, pattern, finish or&nbsp;do you want us to send you a&nbsp;sample of&nbsp;choosen floor?<\/p>\n<p>Contact us <a href=\"mailto:hello@valenmasar.cz\"><strong>hello@valenmasar.cz<\/strong><\/a> or&nbsp;call us: <strong>+420&nbsp;739&nbsp;204&nbsp;104<\/strong>.<br>We are here for you.<\/p>\n<a href=\"#contact-form\" class=\"button primary is-outline\"  >\n    <span>Send sample<\/span>\n  <\/a>\n\n\n\n\t\t<\/div>\n\t\t\t\t\t<\/div>\n\n\t\n\n<\/div>\n\t<div id=\"contact-form\"\n\t     class=\"lightbox-by-id lightbox-content mfp-hide lightbox-white \"\n\t     style=\"max-width:750px ;padding:20px 50px;\">\n\t\t<div class=\"row align-center contact\"  id=\"row-1715640706\">\r\n\r\n\n\t<div id=\"col-198597985\" class=\"col small-12 large-12\"  >\n\t\t\t\t<div class=\"col-inner\"  >\n\t\t\t\n\t\t\t\r\n\r\n<div class=\"container section-title-container\" ><h1 class=\"section-title section-title-normal\"><b><\/b><span class=\"section-title-main\" >Contact<\/span><b><\/b><\/h1><\/div>\r\n\r\n\n<div class=\"wpcf7 no-js\" id=\"wpcf7-f8893-o1\" lang=\"en-US\" dir=\"ltr\" data-wpcf7-id=\"8893\">\n<div class=\"screen-reader-response\"><p role=\"status\" aria-live=\"polite\" aria-atomic=\"true\"><\/p> <ul><\/ul><\/div>\n<form action=\"\/en\/wp-json\/wp\/v2\/pages\/3649#wpcf7-f8893-o1\" method=\"post\" class=\"wpcf7-form init\" aria-label=\"Contact form\" novalidate=\"novalidate\" data-status=\"init\">\n<fieldset class=\"hidden-fields-container\"><input type=\"hidden\" name=\"_wpcf7\" value=\"8893\" \/><input type=\"hidden\" name=\"_wpcf7_version\" value=\"6.1.4\" \/><input type=\"hidden\" name=\"_wpcf7_locale\" value=\"en_US\" \/><input type=\"hidden\" name=\"_wpcf7_unit_tag\" value=\"wpcf7-f8893-o1\" \/><input type=\"hidden\" name=\"_wpcf7_container_post\" value=\"0\" \/><input type=\"hidden\" name=\"_wpcf7_posted_data_hash\" value=\"\" \/><input type=\"hidden\" name=\"_wpcf7_recaptcha_response\" value=\"\" \/>\n<\/fieldset>\n<p><label> Name and surname *<br \/>\n<span class=\"wpcf7-form-control-wrap\" data-name=\"form_name\"><input size=\"40\" maxlength=\"400\" class=\"wpcf7-form-control wpcf7-text wpcf7-validates-as-required\" aria-required=\"true\" aria-invalid=\"false\" placeholder=\"\" value=\"\" type=\"text\" name=\"form_name\" \/><\/span> <\/label>\n<\/p>\n<p><label> Phone number *<br \/>\n<span class=\"wpcf7-form-control-wrap\" data-name=\"form_phone\"><input size=\"40\" maxlength=\"400\" class=\"wpcf7-form-control wpcf7-text wpcf7-validates-as-required\" aria-required=\"true\" aria-invalid=\"false\" placeholder=\"+420\" value=\"\" type=\"text\" name=\"form_phone\" \/><\/span> <\/label>\n<\/p>\n<p><label> E-mail *<br \/>\n<span class=\"wpcf7-form-control-wrap\" data-name=\"form_email\"><input size=\"40\" maxlength=\"400\" class=\"wpcf7-form-control wpcf7-email wpcf7-validates-as-required wpcf7-text wpcf7-validates-as-email\" aria-required=\"true\" aria-invalid=\"false\" placeholder=\"@\" value=\"\" type=\"email\" name=\"form_email\" \/><\/span> <\/label>\n<\/p>\n<p><label> Your message<br \/>\n<span class=\"wpcf7-form-control-wrap\" data-name=\"form_message\"><textarea cols=\"40\" rows=\"10\" maxlength=\"2000\" class=\"wpcf7-form-control wpcf7-textarea\" aria-invalid=\"false\" placeholder=\"\" name=\"form_message\"><\/textarea><\/span> <\/label>\n<\/p>\n<p><span class=\"wpcf7-form-control-wrap\" data-name=\"terms-agreement\"><span class=\"wpcf7-form-control wpcf7-acceptance\"><span class=\"wpcf7-list-item\"><label><input type=\"checkbox\" name=\"terms-agreement\" value=\"1\" aria-invalid=\"false\" \/><span class=\"wpcf7-list-item-label\">I hereby consent to the processing of my personal data for the purpose of contact by e-mail or telephone in accordance with the Personal Data Protection Rules.<\/span><\/label><\/span><\/span><\/span>\n<\/p>\n<p><input class=\"wpcf7-form-control wpcf7-submit has-spinner\" type=\"submit\" value=\"Send\" \/>\n<\/p><div class=\"wpcf7-response-output\" aria-hidden=\"true\"><\/div>\n<\/form>\n<\/div>\n\r\n\r\n\r\n\t\t<\/div>\n\t\t\t\t\t<\/div>\n\n\t\r\n\r\n<\/div>\t<\/div>\n\t\n\t\n","protected":false},"excerpt":{"rendered":"","protected":false},"author":1,"featured_media":0,"parent":0,"menu_order":0,"comment_status":"closed","ping_status":"closed","template":"","meta":{"rank_math_lock_modified_date":false,"footnotes":""},"class_list":["post-3649","page","type-page","status-publish","hentry"],"_links":{"self":[{"href":"https:\/\/www.valenmasar.cz\/en\/wp-json\/wp\/v2\/pages\/3649","targetHints":{"allow":["GET"]}}],"collection":[{"href":"https:\/\/www.valenmasar.cz\/en\/wp-json\/wp\/v2\/pages"}],"about":[{"href":"https:\/\/www.valenmasar.cz\/en\/wp-json\/wp\/v2\/types\/page"}],"author":[{"embeddable":true,"href":"https:\/\/www.valenmasar.cz\/en\/wp-json\/wp\/v2\/users\/1"}],"replies":[{"embeddable":true,"href":"https:\/\/www.valenmasar.cz\/en\/wp-json\/wp\/v2\/comments?post=3649"}],"version-history":[{"count":0,"href":"https:\/\/www.valenmasar.cz\/en\/wp-json\/wp\/v2\/pages\/3649\/revisions"}],"wp:attachment":[{"href":"https:\/\/www.valenmasar.cz\/en\/wp-json\/wp\/v2\/media?parent=3649"}],"curies":[{"name":"wp","href":"https:\/\/api.w.org\/{rel}","templated":true}]}}