{"id":96686,"date":"2024-05-16T15:14:34","date_gmt":"2024-05-16T13:14:34","guid":{"rendered":"https:\/\/www.valenmasar.cz\/kontakt\/"},"modified":"2025-01-17T14:20:11","modified_gmt":"2025-01-17T13:20:11","slug":"kontakt","status":"publish","type":"page","link":"https:\/\/www.valenmasar.cz\/ua\/kontakt\/","title":{"rendered":"\u041a\u043e\u043d\u0442\u0430\u043a\u0442\u0438"},"content":{"rendered":"\n\t<div id=\"gap-1951338508\" class=\"gap-element clearfix\" style=\"display:block; height:auto;\">\n\t\t\n<style>\n#gap-1951338508 {\n  padding-top: 30px;\n}\n<\/style>\n\t<\/div>\n\t\n\n<div class=\"container section-title-container\" ><h1 class=\"section-title section-title-normal\"><b><\/b><span class=\"section-title-main\" style=\"font-size:150%;\">\u041a\u043e\u043d\u0442\u0430\u043a\u0442<\/span><b><\/b><\/h1><\/div>\n\n<div class=\"row align-equal\"  id=\"row-1841417062\">\n\n\n\t<div id=\"col-734020774\" class=\"col kontakt1 medium-12 small-12 large-4\"  >\n\t\t\t\t<div class=\"col-inner\"  >\n\t\t\t\n\t\t\t\n\n\t<section class=\"section yesradius\" id=\"section_609615236\">\n\t\t<div class=\"bg section-bg fill bg-fill  bg-loaded\" >\n\n\t\t\t\n\t\t\t\n\t\t\t\n\n\t\t<\/div>\n\n\t\t\n\n\t\t<div class=\"section-content relative\">\n\t\t\t\n\n\t<div id=\"text-1608577406\" class=\"text\">\n\t\t\n\n<h1>\u0417\u0430\u0442\u0435\u043b\u0435\u0444\u043e\u043d\u0443\u0439\u0442\u0435 \u043d\u0430\u043c<\/h1>\n<p>\u0412\u0430\u043c \u043f\u043e\u0442\u0440\u0456\u0431\u043d\u0430 \u043f\u043e\u0440\u0430\u0434\u0430? \u041c\u0438 \u0433\u043e\u0442\u043e\u0432\u0456 \u0434\u043e\u043f\u043e\u043c\u043e\u0433\u0442\u0438 \u0432\u0430\u043c \u043a\u043e\u0436\u043d\u043e\u0433\u043e \u0440\u043e\u0431\u043e\u0447\u043e\u0433\u043e \u0434\u043d\u044f \u0437 9:00 \u0434\u043e 17:00.<\/p>\n\t\t\n<style>\n#text-1608577406 {\n  color: rgb(255, 255, 255);\n}\n#text-1608577406 > * {\n  color: rgb(255, 255, 255);\n}\n<\/style>\n\t<\/div>\n\t\n<a href=\"tel:+420739204104\" class=\"button primary\"  >\n  <i class=\"icon-phone\" aria-hidden=\"true\" ><\/i>  <span>+420 739 204 104<\/span>\n  <\/a>\n\n\n\n\t\t<\/div>\n\n\t\t\n<style>\n#section_609615236 {\n  padding-top: 30px;\n  padding-bottom: 30px;\n  background-color: rgb(72, 20, 56);\n}\n<\/style>\n\t<\/section>\n\t\n\n\t\t<\/div>\n\t\t\t\t\t<\/div>\n\n\t\n\n\t<div id=\"col-532481396\" class=\"col kontakt2 medium-12 small-12 large-4\"  >\n\t\t\t\t<div class=\"col-inner\"  >\n\t\t\t\n\t\t\t\n\n\t<section class=\"section yesradius\" id=\"section_1658184039\">\n\t\t<div class=\"bg section-bg fill bg-fill  bg-loaded\" >\n\n\t\t\t\n\t\t\t\n\t\t\t\n\n\t\t<\/div>\n\n\t\t\n\n\t\t<div class=\"section-content relative\">\n\t\t\t\n\n\t<div id=\"text-3412084764\" class=\"text\">\n\t\t\n\n<h1>\u0417\u0430\u0432\u0456\u0442\u0430\u0439\u0442\u0435 \u0434\u043e \u043d\u0430\u0441<\/h1>\n<p>\u0412\u0438 \u0431 \u0445\u043e\u0442\u0456\u043b\u0438 \u043f\u043e\u0434\u0438\u0432\u0438\u0442\u0438\u0441\u044f \u0437\u0440\u0430\u0437\u043a\u0438? \u0414\u043e\u043c\u043e\u0432\u0442\u0435\u0441\u044f \u043f\u0440\u043e \u0437\u0443\u0441\u0442\u0440\u0456\u0447 \u0443 \u043d\u0430\u0448\u043e\u043c\u0443 \u0446\u0435\u043d\u0442\u0440\u0456 \u043f\u0456\u0434\u043b\u043e\u0433\u043e\u0432\u0438\u0445 \u043f\u043e\u043a\u0440\u0438\u0442\u0442\u0456\u0432.<\/p>\n\t\t\n<style>\n#text-3412084764 {\n  color: rgb(255, 255, 255);\n}\n#text-3412084764 > * {\n  color: rgb(255, 255, 255);\n}\n<\/style>\n\t<\/div>\n\t\n<a href=\"#konsultacija\" class=\"button primary\"  >\n    <span>\u0412\u0418\u0411\u0420\u0410\u0422\u0418 \u0414\u0410\u0422\u0423<\/span>\n  <\/a>\n\n\n\n\t\t<\/div>\n\n\t\t\n<style>\n#section_1658184039 {\n  padding-top: 30px;\n  padding-bottom: 30px;\n  background-color: rgb(109, 130, 139);\n}\n<\/style>\n\t<\/section>\n\t\n\n\t\t<\/div>\n\t\t\t\t\t<\/div>\n\n\t\n\n\t<div id=\"col-182054278\" class=\"col kontakt3 medium-12 small-12 large-4\"  >\n\t\t\t\t<div class=\"col-inner\"  >\n\t\t\t\n\t\t\t\n\n\t<section class=\"section yesradius\" id=\"section_1419966028\">\n\t\t<div class=\"bg section-bg fill bg-fill  bg-loaded\" >\n\n\t\t\t\n\t\t\t\n\t\t\t\n\n\t\t<\/div>\n\n\t\t\n\n\t\t<div class=\"section-content relative\">\n\t\t\t\n\n<h1>P\u043e\u0437\u0440\u0430\u0445\u0443\u043d\u043e\u043a \u0446\u0456\u043d\u0438 \u0431\u0435\u0437 \u0437\u043e\u0431\u043e\u0432&#8217;\u044f\u0437\u0430\u043d\u044c<\/h1>\n<p>\u0412\u0438 \u0431 \u0445\u043e\u0442\u0456\u043b\u0438 \u043e\u0442\u0440\u0438\u043c\u0430\u0442\u0438 \u0440\u043e\u0437\u0440\u0430\u0445\u0443\u043d\u043e\u043a \u0446\u0456\u043d\u0438 \u0431\u0435\u0437 \u0437\u043e\u0431\u043e\u0432&#8217;\u044f\u0437\u0430\u043d\u044c?<br \/>\n \u041e\u043f\u0438\u0448\u0456\u0442\u044c \u0432\u0430\u0448\u0443 \u0456\u0434\u0435\u044e.<\/p>\n<a href=\"#zapit\" class=\"button primary\"  >\n    <span>\u041d\u0410\u0414\u0406\u0421\u041b\u0410\u0422\u0418 \u041d\u0410\u041c \u0417\u0410\u041f\u0418\u0422<\/span>\n  <\/a>\n\n\n\n\t\t<\/div>\n\n\t\t\n<style>\n#section_1419966028 {\n  padding-top: 30px;\n  padding-bottom: 30px;\n  background-color: rgb(215, 216, 203);\n}\n<\/style>\n\t<\/section>\n\t\n\n\t\t<\/div>\n\t\t\t\t\t<\/div>\n\n\t\n\n<\/div>\n\t<div id=\"gap-1957113938\" class=\"gap-element clearfix\" style=\"display:block; height:auto;\">\n\t\t\n<style>\n#gap-1957113938 {\n  padding-top: 40px;\n}\n<\/style>\n\t<\/div>\n\t\n\n<div class=\"row\"  id=\"row-1865322604\">\n\n\n\t<div id=\"col-1201722491\" class=\"col medium-6 small-12 large-4\"  >\n\t\t\t\t<div class=\"col-inner\"  >\n\t\t\t\n\t\t\t\n\n<h1>\u0426\u0435\u043d\u0442\u0440 \u043f\u0456\u0434\u043b\u043e\u0433\u043e\u0432\u0438\u0445 \u043f\u043e\u043a\u0440\u0438\u0442\u0442\u0456\u0432 Valen&#038;Masar<\/h1>\n<p>\u0412\u0438 \u0431 \u0445\u043e\u0442\u0456\u043b\u0438 \u043f\u043e\u0434\u0438\u0432\u0438\u0442\u0438\u0441\u044f \u0437\u0440\u0430\u0437\u043a\u0438? \u041f\u043e\u0431\u0430\u0447\u0438\u0442\u0438 \u043d\u0430 \u0432\u043b\u0430\u0441\u043d\u0456 \u043e\u0447\u0456 \u043a\u043e\u043b\u044c\u043e\u0440\u0438 \u0442\u0430&nbsp;\u043f\u043e\u0432\u0435\u0440\u0445\u043d\u0435\u0432\u0456 \u043e\u0431\u0440\u043e\u0431\u043a\u0438 \u0434\u0435\u0440\u0435\u0432\u0430? \u0411\u0440\u043e\u043d\u044e\u0439\u0442\u0435 \u0437\u0443\u0441\u0442\u0440\u0456\u0447 \u0443 \u043d\u0430\u0448\u043e\u043c\u0443 \u0446\u0435\u043d\u0442\u0440\u0456 \u043f\u0456\u0434\u043b\u043e\u0433\u043e\u0432\u0438\u0445 \u043f\u043e\u043a\u0440\u0438\u0442\u0442\u0456\u0432 \u0432 \u041f\u0440\u0430\u0437\u0456, \u0440\u0430\u0439\u043e\u043d \u0412\u0438\u043d\u043e\u0433\u0440\u0430\u0434\u0438.<\/p>\n<p><strong>Valen&#038;Masar<\/strong><br \/>Korunn\u00ed 996\/51<br \/>\nPraha 2 &#8211; Vinohrady<\/p>\n<p><strong>\u0413\u043e\u0434\u0438\u043d\u0438 \u0440\u043e\u0431\u043e\u0442\u0438<\/strong><br \/>\n\u043f\u043d\u2013\u043f\u0442 9.00\u201317.00<br \/>\n\u0441\u0431\u2013\u043d\u0434 \u0437\u0430 \u0434\u043e\u043c\u043e\u0432\u043b\u0435\u043d\u0456\u0441\u0442\u044e<\/p>\n\n\t\t<\/div>\n\t\t\t\t\t<\/div>\n\n\t\n\n\t<div id=\"col-1979411520\" class=\"col medium-6 small-12 large-8\"  >\n\t\t\t\t<div class=\"col-inner\"  >\n\t\t\t\n\t\t\t\n\n\t<div class=\"img has-hover x md-x lg-x y md-y lg-y\" id=\"image_14766488\">\n\t\t\t\t\t\t\t\t<div class=\"img-inner image-cover dark\" style=\"padding-top:75%;\">\n\t\t\t<img loading=\"lazy\" decoding=\"async\" width=\"2048\" height=\"1365\" src=\"https:\/\/www.valenmasar.cz\/wp-content\/uploads\/2023\/09\/3C7A0927-21.jpg\" class=\"attachment-original size-original\" alt=\"\" srcset=\"https:\/\/www.valenmasar.cz\/wp-content\/uploads\/2023\/09\/3C7A0927-21.jpg 2048w, https:\/\/www.valenmasar.cz\/wp-content\/uploads\/2023\/09\/3C7A0927-21-768x512.jpg 768w, https:\/\/www.valenmasar.cz\/wp-content\/uploads\/2023\/09\/3C7A0927-21-1536x1024.jpg 1536w\" sizes=\"auto, (max-width: 2048px) 100vw, 2048px\" \/>\t\t\t\t\t\t\n\t\t\t\t\t<\/div>\n\t\t\t\t\t\t\t\t\n<style>\n#image_14766488 {\n  width: 100%;\n}\n<\/style>\n\t<\/div>\n\t\n\n\n\t\t<\/div>\n\t\t\t\t\t<\/div>\n\n\t\n\n<\/div>\n\n\n<span id=\"konsultacija\">&nbsp;<\/span>\n\n<div class=\"row\"  id=\"row-408453735\">\n\n\n\t<div id=\"col-651998993\" class=\"col small-12 large-12\"  >\n\t\t\t\t<div class=\"col-inner\"  >\n\t\t\t\n\t\t\t\n\n<h1>\u0406\u043d\u0434\u0438\u0432\u0456\u0434\u0443\u0430\u043b\u044c\u043d\u0430 \u043a\u043e\u043d\u0441\u0443\u043b\u044c\u0442\u0430\u0446\u0456\u044f<\/h1>\n<p>\u0411\u0440\u043e\u043d\u044e\u0439\u0442\u0435 \u0447\u0430\u0441 \u043a\u043e\u043d\u0441\u0443\u043b\u044c\u0442\u0430\u0446\u0456\u0457, \u0449\u043e\u0431 \u043c\u0438 \u043c\u043e\u0433\u043b\u0438 \u0432\u0430\u043c \u043f\u0440\u0438\u0434\u0456\u043b\u0438\u0442\u0438 \u0432\u0441\u044e \u043d\u0430\u0448\u0443 \u0443\u0432\u0430\u0433\u0443.<\/p>\n\n\t\t<\/div>\n\t\t\t\t\t<\/div>\n\n\t\n\n\t<div id=\"col-398249981\" class=\"col medium-4 small-12 large-4\"  >\n\t\t\t\t<div class=\"col-inner\"  >\n\t\t\t\n\t\t\t\n\n\t<div class=\"img has-hover hide-for-small x md-x lg-x y md-y lg-y\" id=\"image_1013455982\">\n\t\t\t\t\t\t\t\t<div class=\"img-inner image-cover dark\" style=\"padding-top:110%;\">\n\t\t\t<img loading=\"lazy\" decoding=\"async\" width=\"768\" height=\"960\" src=\"https:\/\/www.valenmasar.cz\/wp-content\/uploads\/2024\/05\/valen-masar-showroom-768x960.jpg\" class=\"attachment-medium_large size-medium_large\" alt=\"\" srcset=\"https:\/\/www.valenmasar.cz\/wp-content\/uploads\/2024\/05\/valen-masar-showroom-768x960.jpg 768w, https:\/\/www.valenmasar.cz\/wp-content\/uploads\/2024\/05\/valen-masar-showroom-240x300.jpg 240w, https:\/\/www.valenmasar.cz\/wp-content\/uploads\/2024\/05\/valen-masar-showroom-824x1030.jpg 824w, https:\/\/www.valenmasar.cz\/wp-content\/uploads\/2024\/05\/valen-masar-showroom-1229x1536.jpg 1229w, https:\/\/www.valenmasar.cz\/wp-content\/uploads\/2024\/05\/valen-masar-showroom.jpg 1638w\" sizes=\"auto, (max-width: 768px) 100vw, 768px\" \/>\t\t\t\t\t\t\n\t\t\t\t\t<\/div>\n\t\t\t\t\t\t\t\t\n<style>\n#image_1013455982 {\n  width: 100%;\n}\n<\/style>\n\t<\/div>\n\t\n\n\n\t\t<\/div>\n\t\t\t\t\t<\/div>\n\n\t\n\n\t<div id=\"col-165380310\" class=\"col medium-8 small-12 large-8\"  >\n\t\t\t\t<div class=\"col-inner\"  >\n\t\t\t\n\t\t\t\n\n<div class=\"formular_rez\"><script type=\"text\/javascript\" src=\"https:\/\/bookio-services-eu.s3.eu-central-1.amazonaws.com\/assets\/widget.bookio.js\"><\/script> <iframe id=\"bookio-iframe\" src=\"https:\/\/services.bookio.com\/valenmasar\/widget?lang=uk&amp;css=https:\/\/kiai.cz\/valen\/form.css&amp;hiddenHeader=true\" width=\"100%\" onload=\"initBookioWidget()\" scrolling=\"no\"><\/iframe><\/div>\n\n\t\t<\/div>\n\t\t\t\t\t<\/div>\n\n\t\n\n<\/div>\n\n\n<span id=\"zapit\">&nbsp;<\/span>\n\n<div class=\"row\"  id=\"row-1651337363\">\n\n\n\t<div id=\"col-2120449380\" class=\"col medium-4 small-12 large-4\"  >\n\t\t\t\t<div class=\"col-inner\"  >\n\t\t\t\n\t\t\t\n\n<h1>P\u043e\u0437\u0440\u0430\u0445\u0443\u043d\u043e\u043a \u0446\u0456\u043d\u0438 \u0431\u0435\u0437 \u0437\u043e\u0431\u043e\u0432&#8217;\u044f\u0437\u0430\u043d\u044c<\/h1>\n<p>\u0412\u0438 \u0431 \u0445\u043e\u0442\u0456\u043b\u0438 \u043e\u0442\u0440\u0438\u043c\u0430\u0442\u0438 \u0440\u043e\u0437\u0440\u0430\u0445\u0443\u043d\u043e\u043a \u0446\u0456\u043d\u0438 \u0431\u0435\u0437 \u0437\u043e\u0431\u043e\u0432&#8217;\u044f\u0437\u0430\u043d\u044c? \u041d\u0430\u0434\u0456\u0448\u043b\u0456\u0442\u044c \u043d\u0430\u043c \u0441\u0432\u043e\u044e \u0456\u0434\u0435\u044e \u0447\u0435\u0440\u0435\u0437 \u043a\u043e\u043d\u0442\u0430\u043a\u0442\u043d\u0443 \u0444\u043e\u0440\u043c\u0443 \u0430\u0431\u043e \u043d\u0430 \u0435\u043b\u0435\u043a\u0442\u0440\u043e\u043d\u043d\u0443 \u043f\u043e\u0448\u0442\u0443 <a href=\"mailto:hello@valenmasar.cz\"><strong>hello@valenmasar.cz<\/strong><\/a>.<\/p>\n\n\t\t<\/div>\n\t\t\t\t\t<\/div>\n\n\t\n\n\t<div id=\"col-1767756427\" class=\"col medium-8 small-12 large-8\"  >\n\t\t\t\t<div class=\"col-inner\"  >\n\t\t\t\n\t\t\t\n\n\n\n\n<div class=\"wpcf7 no-js\" id=\"wpcf7-f96772-o1\" lang=\"ua\" dir=\"ltr\" data-wpcf7-id=\"96772\">\n<div class=\"screen-reader-response\"><p role=\"status\" aria-live=\"polite\" aria-atomic=\"true\"><\/p> <ul><\/ul><\/div>\n<form action=\"\/ua\/wp-json\/wp\/v2\/pages\/96686#wpcf7-f96772-o1\" method=\"post\" class=\"wpcf7-form init\" aria-label=\"Contact form\" novalidate=\"novalidate\" data-status=\"init\">\n<fieldset class=\"hidden-fields-container\"><input type=\"hidden\" name=\"_wpcf7\" value=\"96772\" \/><input type=\"hidden\" name=\"_wpcf7_version\" value=\"6.1.4\" \/><input type=\"hidden\" name=\"_wpcf7_locale\" value=\"ua\" \/><input type=\"hidden\" name=\"_wpcf7_unit_tag\" value=\"wpcf7-f96772-o1\" \/><input type=\"hidden\" name=\"_wpcf7_container_post\" value=\"0\" \/><input type=\"hidden\" name=\"_wpcf7_posted_data_hash\" value=\"\" \/><input type=\"hidden\" name=\"_wpcf7_recaptcha_response\" value=\"\" \/>\n<\/fieldset>\n<p><label> \u0406\u043c'\u044f \u0442\u0430 \u043f\u0440\u0456\u0437\u0432\u0438\u0449\u0435 *<br \/>\n<span class=\"wpcf7-form-control-wrap\" data-name=\"form_name-32\"><input size=\"40\" maxlength=\"30\" class=\"wpcf7-form-control wpcf7-text wpcf7-validates-as-required\" aria-required=\"true\" aria-invalid=\"false\" value=\"\" type=\"text\" name=\"form_name-32\" \/><\/span> <\/label>\n<\/p>\n<p><label> E-mail *<br \/>\n<span class=\"wpcf7-form-control-wrap\" data-name=\"form_email-23\"><input size=\"40\" maxlength=\"400\" class=\"wpcf7-form-control wpcf7-email wpcf7-validates-as-required wpcf7-text wpcf7-validates-as-email\" aria-required=\"true\" aria-invalid=\"false\" value=\"@\" type=\"email\" name=\"form_email-23\" \/><\/span> <\/label>\n<\/p>\n<p><label> \u0422\u0435\u043b\u0435\u0444\u043e\u043d *<br \/>\n<span class=\"wpcf7-form-control-wrap\" data-name=\"tel-688\"><input size=\"40\" maxlength=\"17\" minlength=\"9\" class=\"wpcf7-form-control wpcf7-tel wpcf7-validates-as-required wpcf7-text wpcf7-validates-as-tel\" aria-required=\"true\" aria-invalid=\"false\" value=\"\" type=\"tel\" name=\"tel-688\" \/><\/span> <\/label>\n<\/p>\n<p><span class=\"wpcf7-form-control-wrap\" data-name=\"form_message\"><textarea cols=\"40\" rows=\"10\" maxlength=\"300\" minlength=\"15\" class=\"wpcf7-form-control wpcf7-textarea wpcf7-validates-as-required lettersonly\" aria-required=\"true\" aria-invalid=\"false\" placeholder=\"\u041e\u043f\u0438\u0448\u0456\u0442\u044c \u0432\u0430\u0448 \u043f\u0440\u043e\u0454\u043a\u0442 *\" name=\"form_message\"><\/textarea><\/span>\n<\/p>\n<p><span class=\"wpcf7-form-control-wrap\" data-name=\"terms-agreement\"><span class=\"wpcf7-form-control wpcf7-acceptance\"><span class=\"wpcf7-list-item\"><label><input type=\"checkbox\" name=\"terms-agreement\" value=\"1\" aria-invalid=\"false\" \/><span class=\"wpcf7-list-item-label\">\u0414\u0430\u044e \u0437\u0433\u043e\u0434\u0443 <a href=\"\/privacy-policy\/\" target=\"_blank\">\u043d\u0430 \u043e\u0431\u0440\u043e\u0431\u043a\u0443 \u043f\u0435\u0440\u0441\u043e\u043d\u0430\u043b\u044c\u043d\u0438\u0445 \u0434\u0430\u043d\u0438\u0445<\/a>.<\/span><\/label><\/span><\/span><\/span>\n<\/p>\n<p><input class=\"wpcf7-form-control wpcf7-submit has-spinner button\" type=\"submit\" value=\"\u041d\u0410\u0414\u0406\u0421\u041b\u0410\u0422\u0418 \u0417\u0410\u041f\u0418\u0422\" \/>\n<\/p><div class=\"wpcf7-response-output\" aria-hidden=\"true\"><\/div>\n<\/form>\n<\/div>\n\n\n\n\t\t<\/div>\n\t\t\t\t\t<\/div>\n\n\t\n\n<\/div>\n\t<div id=\"gap-1531980572\" class=\"gap-element clearfix\" style=\"display:block; height:auto;\">\n\t\t\n<style>\n#gap-1531980572 {\n  padding-top: 30px;\n}\n<\/style>\n\t<\/div>\n\t\n\n<div class=\"row align-equal tymvm\"  id=\"row-151551969\">\n\n\n\t<div id=\"col-2038011104\" class=\"col small-12 large-12\"  >\n\t\t\t\t<div class=\"col-inner\"  >\n\t\t\t\n\t\t\t\n\n<h1>\u041a\u043e\u043b\u0435\u043a\u0442\u0438\u0432 Valen&#038;Masar<\/h1>\n\n\t\t<\/div>\n\t\t\t\t\t<\/div>\n\n\t\n\n\t<div id=\"col-1301189071\" class=\"col medium-6 small-12 large-4\"  >\n\t\t\t\t<div class=\"col-inner\"  >\n\t\t\t\n\t\t\t\n\n\t<section class=\"section\" id=\"section_149937536\">\n\t\t<div class=\"bg section-bg fill bg-fill  bg-loaded\" >\n\n\t\t\t\n\t\t\t\n\t\t\t\n\n\t\t<\/div>\n\n\t\t\n\n\t\t<div class=\"section-content relative\">\n\t\t\t\n\n\t<div class=\"img has-hover x md-x lg-x y md-y lg-y\" id=\"image_2142964741\">\n\t\t\t\t\t\t\t\t<div class=\"img-inner dark\" >\n\t\t\t<img loading=\"lazy\" decoding=\"async\" width=\"1200\" height=\"923\" src=\"https:\/\/www.valenmasar.cz\/wp-content\/uploads\/2023\/09\/masar.jpg\" class=\"attachment-original size-original\" alt=\"Luk\u00e1\u0161 Mas\u00e1r\" srcset=\"https:\/\/www.valenmasar.cz\/wp-content\/uploads\/2023\/09\/masar.jpg 1200w, https:\/\/www.valenmasar.cz\/wp-content\/uploads\/2023\/09\/masar-768x591.jpg 768w\" sizes=\"auto, (max-width: 1200px) 100vw, 1200px\" \/>\t\t\t\t\t\t\n\t\t\t\t\t<\/div>\n\t\t\t\t\t\t\t\t\n<style>\n#image_2142964741 {\n  width: 100%;\n}\n<\/style>\n\t<\/div>\n\t\n\n<div class=\"member\"><span class=\"position\">\u0421\u043f\u0456\u0432\u0437\u0430\u0441\u043d\u043e\u0432\u043d\u0438\u043a<\/span><\/p>\n<h2>Luk\u00e1\u0161 Mas\u00e1r<\/h2>\n<p>\u0412\u0456\u043d \u0434\u043e\u0441\u043a\u043e\u043d\u0430\u043b\u043e \u0437\u043d\u0430\u0454 \u0432\u0441\u0456 \u043f\u0440\u043e\u0434\u0443\u043a\u0442\u0438, \u0442\u0435\u0445\u043d\u043e\u043b\u043e\u0433\u0456\u0457 \u0442\u0430 \u0442\u0435\u0445\u043d\u0456\u0447\u043d\u0456 \u043f\u0440\u043e\u0446\u0435\u0434\u0443\u0440\u0438. \u0412\u0456\u043d \u0437\u0440\u043e\u0431\u0438\u0442\u044c \u0437 \u0432\u0430\u043c\u0438 \u0440\u043e\u0437\u0440\u0430\u0445\u0443\u043d\u043e\u043a \u0446\u0456\u043d\u0438 \u0456 \u0441\u043f\u043b\u0430\u043d\u0443\u0454 \u0432\u0441\u044e \u043f\u0440\u043e\u0446\u0435\u0434\u0443\u0440\u0443 \u0437\u0430\u043c\u043e\u0432\u043b\u0435\u043d\u043d\u044f.<\/p>\n<p><a class=\"iconlink\" href=\"tel:+420608570777\"><i class=\"icon-phone\" aria-hidden=\"true\"><\/i><span>+420&nbsp;608&nbsp;570&nbsp;777<\/span><\/a><br \/>\n<a class=\"iconlink\" href=\"mailto:lukas@valenmasar.cz\"><i class=\"icon-envelop\" aria-hidden=\"true\"><\/i><span>lukas@valenmasar.cz<\/span><\/a>\n<\/p>\n<\/div>\n\n\t\t<\/div>\n\n\t\t\n<style>\n#section_149937536 {\n  padding-top: 30px;\n  padding-bottom: 30px;\n}\n<\/style>\n\t<\/section>\n\t\n\n\t\t<\/div>\n\t\t\t\t\t<\/div>\n\n\t\n\n\t<div id=\"col-663447940\" class=\"col medium-6 small-12 large-4\"  >\n\t\t\t\t<div class=\"col-inner\"  >\n\t\t\t\n\t\t\t\n\n\n\t\t<\/div>\n\t\t\t\t\t<\/div>\n\n\t\n\n\n<\/div>\n<div class=\"row row-small align-equal\"  id=\"row-568967904\">\n\n\n\t<div id=\"col-353309864\" class=\"col small-12 large-12\"  >\n\t\t\t\t<div class=\"col-inner text-left\"  >\n\t\t\t\n\t\t\t\n\n<h1>\u041f\u043b\u0430\u0442\u0456\u0436\u043d\u0456 \u0434\u0430\u043d\u0456<\/h1>\n\n\t\t<\/div>\n\t\t\t\t\t<\/div>\n\n\t\n\n\t<div id=\"col-249759885\" class=\"col contact medium-12 small-12 large-12\"  >\n\t\t\t\t<div class=\"col-inner\"  >\n\t\t\t\n\t\t\t\n\n<p><strong>Global Trade Systems s.r.o.<\/strong><br \/>\nKloboukova 1231\/75<br \/>\n148&nbsp;00 Praha 4 &#8211; Chodov<\/p>\n<p>\u043a\u043e\u0434 \u0404\u0414\u0420\u041f\u041e\u0423: 29129010, \u0406\u041f\u041d: CZ29129010<br \/>C 202431 \u0437\u0430\u0440\u0435\u0454\u0441\u0442\u0440\u043e\u0432\u0430\u043d\u0430 \u0443 \u041c\u0443\u043d\u0456\u0446\u0438\u043f\u0430\u043b\u044c\u043d\u043e\u043c\u0443 \u0441\u0443\u0434\u0456 \u0432 \u041f\u0440\u0430\u0437\u0456<\/p>\n\n\t\t<\/div>\n\t\t\t\t\t<\/div>\n\n\t\n\n<\/div>\n\t<div id=\"gap-1257220492\" class=\"gap-element clearfix\" style=\"display:block; height:auto;\">\n\t\t\n<style>\n#gap-1257220492 {\n  padding-top: 30px;\n}\n<\/style>\n\t<\/div>\n\t\n\n\n","protected":false},"excerpt":{"rendered":"<p>\u0412\u0438\u0433\u043e\u0442\u043e\u0432\u043b\u0435\u043d\u043d\u044f \u0434\u0435\u0440\u0435\u0432&#8217;\u044f\u043d\u043e\u0457 \u043f\u0456\u0434\u043b\u043e\u0433\u0438, \u043f\u0430\u0440\u043a\u0435\u0442\u0443, \u043e\u0431\u043b\u0438\u0446\u044e\u0432\u0430\u043d\u044c, \u0441\u0445\u043e\u0434\u0456\u0432 \u0442\u0430 \u043c\u0435\u0431\u043b\u0456\u0432 \u0437 \u043c\u0430\u0441\u0438\u0432\u0443 \u043d\u0430 \u0437\u0430\u043c\u043e\u0432\u043b\u0435\u043d\u043d\u044f \u0437 \u0432\u0430\u043c\u0438 \u043e\u0431\u0433\u043e\u0432\u043e\u0440\u0438\u043c\u043e \u0443 \u043d\u0430\u0448\u043e\u043c\u0443 \u0446\u0435\u043d\u0442\u0440\u0456 \u0432 \u041f\u0440\u0430\u0437\u0456, \u0440\u0430\u0439\u043e\u043d \u0412\u0438\u043d\u043e\u0433\u0440\u0430\u0434\u0438.<\/p>\n","protected":false},"author":43,"featured_media":0,"parent":0,"menu_order":0,"comment_status":"closed","ping_status":"closed","template":"","meta":{"rank_math_lock_modified_date":false,"footnotes":""},"class_list":["post-96686","page","type-page","status-publish","hentry"],"_links":{"self":[{"href":"https:\/\/www.valenmasar.cz\/ua\/wp-json\/wp\/v2\/pages\/96686","targetHints":{"allow":["GET"]}}],"collection":[{"href":"https:\/\/www.valenmasar.cz\/ua\/wp-json\/wp\/v2\/pages"}],"about":[{"href":"https:\/\/www.valenmasar.cz\/ua\/wp-json\/wp\/v2\/types\/page"}],"author":[{"embeddable":true,"href":"https:\/\/www.valenmasar.cz\/ua\/wp-json\/wp\/v2\/users\/43"}],"replies":[{"embeddable":true,"href":"https:\/\/www.valenmasar.cz\/ua\/wp-json\/wp\/v2\/comments?post=96686"}],"version-history":[{"count":16,"href":"https:\/\/www.valenmasar.cz\/ua\/wp-json\/wp\/v2\/pages\/96686\/revisions"}],"predecessor-version":[{"id":97141,"href":"https:\/\/www.valenmasar.cz\/ua\/wp-json\/wp\/v2\/pages\/96686\/revisions\/97141"}],"wp:attachment":[{"href":"https:\/\/www.valenmasar.cz\/ua\/wp-json\/wp\/v2\/media?parent=96686"}],"curies":[{"name":"wp","href":"https:\/\/api.w.org\/{rel}","templated":true}]}}